{"id":984,"date":"2017-10-27T13:02:22","date_gmt":"2017-10-27T12:02:22","guid":{"rendered":"http:\/\/the7.io\/agency\/?page_id=2"},"modified":"2023-10-04T09:38:28","modified_gmt":"2023-10-04T07:38:28","slug":"home-2","status":"publish","type":"page","link":"http:\/\/www.emdvt.com\/","title":{"rendered":"Page d&rsquo;accueil EMD"},"content":{"rendered":"<p>[vc_row css=\u00a0\u00bb.vc_custom_1516870934569{padding-top: 50px !important;padding-bottom: 50px !important;}\u00a0\u00bb][vc_column][vc_column_text]<\/p>\n<p style=\"text-align: right;\"><span style=\"color: #000000;\">\u00a0 \u00a0<a href=\"https:\/\/www.linkedin.com\/company\/em-developpement\/about\/\"><img loading=\"lazy\" class=\"\" src=\"https:\/\/www.treasurers.org\/ACTmedia\/linkedin-icon-1-logo-png-transparent.png\" alt=\"linkedin-icon-1-logo-png-transparent.png | The Association of Corporate Treasurers\" width=\"24\" height=\"23\" \/><\/a><\/span><\/p>\n<p>[\/vc_column_text]<div class=\"shortcode-single-image-wrap alignnone fadeIn animate-element \" style=\"margin-top:0px; margin-bottom:0px; margin-left:0px; margin-right:0px; width:2000px;\"><div class=\"shortcode-single-image\"><div class=\"fancy-media-wrap layzr-bg\" style=\"\"><img class=\"lazy-load preload-me\" src=\"data:image\/svg+xml,%3Csvg%20xmlns%3D&#39;http%3A%2F%2Fwww.w3.org%2F2000%2Fsvg&#39;%20viewBox%3D&#39;0%200%202000%201000&#39;%2F%3E\" data-src=\"http:\/\/www.emdvt.com\/wp-content\/uploads\/2021\/02\/Capture-de\u0301cran-2021-02-26-a\u0300-15.31.14-e1614591719913-2000x1000.png\" data-srcset=\"http:\/\/www.emdvt.com\/wp-content\/uploads\/2021\/02\/Capture-de\u0301cran-2021-02-26-a\u0300-15.31.14-e1614591719913-2000x1000.png 2000w, http:\/\/www.emdvt.com\/wp-content\/uploads\/2021\/02\/Capture-de\u0301cran-2021-02-26-a\u0300-15.31.14-e1614591719913-2666x1333.png 2666w\" width=\"2000\" height=\"1000\"  data-dt-location=\"http:\/\/www.emdvt.com\/index.php\/home-2\/capture-decran-2021-02-26-a-15-31-14\/\" style=\"\" alt=\"EMD LOGO\" \/><\/div><\/div><\/div><div class=\"shortcode-single-image-wrap alignright fadeIn animate-element \" style=\"margin-top:0px; margin-bottom:0px; margin-left:0px; margin-right:0px; width:2000px;\"><div class=\"shortcode-single-image\"><div class=\"fancy-media-wrap layzr-bg\" style=\"border-radius:3px;\"><img class=\"lazy-load preload-me\" src=\"data:image\/svg+xml,%3Csvg%20xmlns%3D&#39;http%3A%2F%2Fwww.w3.org%2F2000%2Fsvg&#39;%20viewBox%3D&#39;0%200%202000%201000&#39;%2F%3E\" data-src=\"http:\/\/www.emdvt.com\/wp-content\/uploads\/2021\/02\/Capture-de\u0301cran-2021-02-25-a\u0300-12.50.11-2000x1000.png\" data-srcset=\"http:\/\/www.emdvt.com\/wp-content\/uploads\/2021\/02\/Capture-de\u0301cran-2021-02-25-a\u0300-12.50.11-2000x1000.png 2000w, http:\/\/www.emdvt.com\/wp-content\/uploads\/2021\/02\/Capture-de\u0301cran-2021-02-25-a\u0300-12.50.11-2876x1438.png 2876w\" width=\"2000\" height=\"1000\"  data-dt-location=\"http:\/\/www.emdvt.com\/index.php\/home-2\/capture-decran-2021-02-25-a-12-50-11\/\" style=\"border-radius:3px;\" alt=\"EMD\" \/><\/div><\/div><\/div>[vc_row_inner content_placement=\u00a0\u00bbtop\u00a0\u00bb css=\u00a0\u00bb.vc_custom_1614251998213{padding-bottom: 20px !important;}\u00a0\u00bb][vc_column_inner css=\u00a0\u00bb.vc_custom_1509566445127{padding-bottom: 50px !important;}\u00a0\u00bb offset=\u00a0\u00bbvc_col-lg-6 vc_col-md-6&Prime;]<div id=\"ultimate-heading-313969f4e7293ed20\" class=\"uvc-heading ult-adjust-bottom-margin ultimate-heading-313969f4e7293ed20 uvc-5499 \" data-hspacer=\"no_spacer\"  data-halign=\"left\" style=\"text-align:left\"><div class=\"uvc-heading-spacer no_spacer\" style=\"top\"><\/div><div class=\"uvc-sub-heading ult-responsive\"  data-ultimate-target='.uvc-heading.ultimate-heading-313969f4e7293ed20 .uvc-sub-heading '  data-responsive-json-new='{\"font-size\":\"\",\"line-height\":\"desktop:26px;\"}'  style=\"font-weight:normal;margin-bottom:20px;\"><\/p>\n<h5><span style=\"color: #000000;\">\u2018\u2018Nous sommes un distributeur de fragrances et de cosm\u00e9tiques fran\u00e7ais ; implant\u00e9 en r\u00e9gion parisienne. Nous offrons \u00e0 nos clients un mod\u00e8le de distribution \u00e0 l\u2019international avec des d\u00e9lais de livraisons rapides.<\/span><\/h5>\n<p><\/div><\/div><div id=\"ultimate-heading-198569f4e7293edaa\" class=\"uvc-heading ult-adjust-bottom-margin ultimate-heading-198569f4e7293edaa uvc-53 \" data-hspacer=\"no_spacer\"  data-halign=\"left\" style=\"text-align:left\"><div class=\"uvc-heading-spacer no_spacer\" style=\"top\"><\/div><div class=\"uvc-sub-heading ult-responsive\"  data-ultimate-target='.uvc-heading.ultimate-heading-198569f4e7293edaa .uvc-sub-heading '  data-responsive-json-new='{\"font-size\":\"\",\"line-height\":\"desktop:26px;\"}'  style=\"font-weight:normal;color:#ffffff;margin-bottom:20px;\"><\/p>\n<h5><span style=\"color: #000000;\">Nos produits sont disponibles \u00e0 l\u2019achat direct mais \u00e9galement sur notre plateforme de vente en ligne.<br \/>\n<\/span><\/h5>\n<h5><\/h5>\n<h5>Notre \u00e9quipe se tient \u00e0 disposition de nos clients afin de satisfaire aux mieux vos demandes et vos besoins\u2019\u2019.<\/h5>\n<p><\/div><\/div><div class=\"shortcode-single-image-wrap alignright fadeIn animate-element \" style=\"margin-top:0px; margin-bottom:0px; margin-left:0px; margin-right:0px; width:2000px;\"><div class=\"shortcode-single-image\"><div class=\"fancy-media-wrap layzr-bg\" style=\"border-radius:3px;\"><img class=\"lazy-load preload-me\" src=\"data:image\/svg+xml,%3Csvg%20xmlns%3D&#39;http%3A%2F%2Fwww.w3.org%2F2000%2Fsvg&#39;%20viewBox%3D&#39;0%200%2090%2045&#39;%2F%3E\" data-src=\"http:\/\/www.emdvt.com\/wp-content\/uploads\/revslider\/sports-hero\/sports_sublinebg-90x45.png\" data-srcset=\"http:\/\/www.emdvt.com\/wp-content\/uploads\/revslider\/sports-hero\/sports_sublinebg-90x45.png 90w\" width=\"90\" height=\"45\"  data-dt-location=\"http:\/\/www.emdvt.com\/index.php\/home-2\/sports-sublinebg-png\/\" style=\"border-radius:3px;\" alt=\"\" \/><\/div><\/div><\/div><div class=\"shortcode-single-image-wrap alignright \" style=\"margin-top:0px; margin-bottom:0px; margin-left:0px; margin-right:0px; width:2000px;\"><div class=\"shortcode-single-image\"><div class=\"fancy-media-wrap layzr-bg\" style=\"border-radius:3px;\"><img class=\"lazy-load preload-me\" src=\"data:image\/svg+xml,%3Csvg%20xmlns%3D&#39;http%3A%2F%2Fwww.w3.org%2F2000%2Fsvg&#39;%20viewBox%3D&#39;0%200%202000%201000&#39;%2F%3E\" data-src=\"http:\/\/www.emdvt.com\/wp-content\/uploads\/2021\/02\/EMD_LOGO-BUSINESS-2000x1000.png\" data-srcset=\"http:\/\/www.emdvt.com\/wp-content\/uploads\/2021\/02\/EMD_LOGO-BUSINESS-2000x1000.png 2000w, http:\/\/www.emdvt.com\/wp-content\/uploads\/2021\/02\/EMD_LOGO-BUSINESS-2668x1334.png 2668w\" width=\"2000\" height=\"1000\"  data-dt-location=\"http:\/\/www.emdvt.com\/index.php\/home-2\/emd_logo-business\/\" style=\"border-radius:3px;\" alt=\"EMD_LOGO BUSINESS\" \/><\/div><\/div><\/div>[\/vc_column_inner][vc_column_inner css=\u00a0\u00bb.vc_custom_1515592104888{padding-bottom: 50px !important;}\u00a0\u00bb offset=\u00a0\u00bbvc_col-lg-6 vc_col-md-6&Prime;]<div class=\"shortcode-single-image-wrap alignright fadeIn animate-element \" style=\"margin-top:0px; margin-bottom:0px; margin-left:0px; margin-right:0px; width:3000px;\"><div class=\"shortcode-single-image\"><div class=\"fancy-media-wrap layzr-bg\" style=\"border-radius:3px;\"><img class=\"lazy-load preload-me\" src=\"data:image\/svg+xml,%3Csvg%20xmlns%3D&#39;http%3A%2F%2Fwww.w3.org%2F2000%2Fsvg&#39;%20viewBox%3D&#39;0%200%201280%201493&#39;%2F%3E\" data-src=\"http:\/\/www.emdvt.com\/wp-content\/uploads\/2021\/02\/EMD_Flacon-2-scaled-1280x1493.jpg\" data-srcset=\"http:\/\/www.emdvt.com\/wp-content\/uploads\/2021\/02\/EMD_Flacon-2-scaled-1280x1493.jpg 1280w\" width=\"1280\" height=\"1493\"  data-dt-location=\"http:\/\/www.emdvt.com\/index.php\/home-2\/emd_flacon-2\/\" style=\"border-radius:3px;\" alt=\"\" \/><\/div><\/div><\/div>[\/vc_column_inner][\/vc_row_inner]<div class=\"shortcode-single-image-wrap alignright fadeIn animate-element \" style=\"margin-top:0px; margin-bottom:0px; margin-left:0px; margin-right:0px; width:2000px;\"><div class=\"shortcode-single-image\"><div class=\"fancy-media-wrap layzr-bg\" style=\"border-radius:3px;\"><img class=\"lazy-load preload-me\" src=\"data:image\/svg+xml,%3Csvg%20xmlns%3D&#39;http%3A%2F%2Fwww.w3.org%2F2000%2Fsvg&#39;%20viewBox%3D&#39;0%200%202000%201000&#39;%2F%3E\" data-src=\"http:\/\/www.emdvt.com\/wp-content\/uploads\/2021\/02\/Capture-de\u0301cran-2021-02-26-a\u0300-11.35.16-2000x1000.png\" data-srcset=\"http:\/\/www.emdvt.com\/wp-content\/uploads\/2021\/02\/Capture-de\u0301cran-2021-02-26-a\u0300-11.35.16-2000x1000.png 2000w, http:\/\/www.emdvt.com\/wp-content\/uploads\/2021\/02\/Capture-de\u0301cran-2021-02-26-a\u0300-11.35.16-2708x1354.png 2708w\" width=\"2000\" height=\"1000\"  data-dt-location=\"http:\/\/www.emdvt.com\/index.php\/home-2\/capture-decran-2021-02-26-a-11-35-16\/\" style=\"border-radius:3px;\" alt=\"\" \/><\/div><\/div><\/div>[\/vc_column][\/vc_row][vc_row css=\u00a0\u00bb.vc_custom_1516870934569{padding-top: 50px !important;padding-bottom: 50px !important;}\u00a0\u00bb][vc_column][vc_row_inner content_placement=\u00a0\u00bbtop\u00a0\u00bb css=\u00a0\u00bb.vc_custom_1614251998213{padding-bottom: 20px !important;}\u00a0\u00bb][vc_column_inner css=\u00a0\u00bb.vc_custom_1509566445127{padding-bottom: 50px !important;}\u00a0\u00bb offset=\u00a0\u00bbvc_col-lg-6 vc_col-md-6&Prime;]<div id=\"ultimate-heading-155669f4e7293faaf\" class=\"uvc-heading ult-adjust-bottom-margin ultimate-heading-155669f4e7293faaf uvc-2797 \" data-hspacer=\"no_spacer\"  data-halign=\"left\" style=\"text-align:left\"><div class=\"uvc-heading-spacer no_spacer\" style=\"top\"><\/div><div class=\"uvc-sub-heading ult-responsive\"  data-ultimate-target='.uvc-heading.ultimate-heading-155669f4e7293faaf .uvc-sub-heading '  data-responsive-json-new='{\"font-size\":\"\",\"line-height\":\"desktop:26px;\"}'  style=\"font-weight:normal;margin-bottom:20px;\"><br \/>\n<strong><span style=\"color: #000000;\"><span style=\"color: #ff0000;\"><br \/>\n<\/span><\/span><\/strong><span style=\"color: #000000;\"><span style=\"color: #ff0000;\"><strong>PARFUMERIES<\/strong><\/span><br \/>\nPartenaire aupr\u00e8s de grandes marques, nous garantissons l\u2019authenticit\u00e9 de nos fragrances et de nos produits cosm\u00e9tiques \u00e0 un prix attractifs.<\/span><\/p>\n<p><span style=\"color: #000000;\"><strong><br \/>\n<\/strong><span style=\"color: #ff0000;\"><strong>COSM\u00c9TIQUES<br \/>\n<\/strong><\/span>Afin d\u2019offrir une large gamme de produits \u00e0 nos clients, nous mettons en place r\u00e9guli\u00e8rement des nouveaut\u00e9s dans notre catalogue \u00e9galement disponible dans notre boutique en ligne.<\/span><\/p>\n<p><span style=\"color: #000000;\"><strong>\u00a0<\/strong><\/span><\/p>\n<p><span style=\"color: #000000;\"><span style=\"color: #ff0000;\"><strong>NOS SERVICES<br \/>\n<\/strong><\/span>Un large choix de produits vous sont propos\u00e9s dans notre catalogue avec une \u00e9quipe professionnelle se tenant \u00e0 votre disposition et votre service.<\/span><\/p>\n<p style=\"text-align: left;\"><span style=\"color: #000000;\"><strong>\u00a0<\/strong><\/span><\/div><\/div>[\/vc_column_inner][vc_column_inner css=\u00a0\u00bb.vc_custom_1515592104888{padding-bottom: 50px !important;}\u00a0\u00bb offset=\u00a0\u00bbvc_col-lg-6 vc_col-md-6&Prime;]<div class=\"shortcode-single-image-wrap alignright fadeIn animate-element \" style=\"margin-top:0px; margin-bottom:0px; margin-left:0px; margin-right:0px; width:3000px;\"><div class=\"shortcode-single-image\"><div class=\"fancy-media-wrap layzr-bg\" style=\"border-radius:3px;\"><img class=\"lazy-load preload-me\" src=\"data:image\/svg+xml,%3Csvg%20xmlns%3D&#39;http%3A%2F%2Fwww.w3.org%2F2000%2Fsvg&#39;%20viewBox%3D&#39;0%200%20750%20500&#39;%2F%3E\" data-src=\"http:\/\/www.emdvt.com\/wp-content\/uploads\/2021\/02\/EMD_FLACON-4-750x500.jpg\" data-srcset=\"http:\/\/www.emdvt.com\/wp-content\/uploads\/2021\/02\/EMD_FLACON-4-750x500.jpg 750w\" width=\"750\" height=\"500\"  data-dt-location=\"http:\/\/www.emdvt.com\/index.php\/home-2\/emd_flacon-4\/\" style=\"border-radius:3px;\" alt=\"\" \/><\/div><\/div><\/div>[\/vc_column_inner][\/vc_row_inner]<div class=\"shortcode-single-image-wrap alignright fadeIn animate-element \" style=\"margin-top:0px; margin-bottom:0px; margin-left:0px; margin-right:0px; width:2000px;\"><div class=\"shortcode-single-image\"><div class=\"fancy-media-wrap layzr-bg\" style=\"border-radius:3px;\"><img class=\"lazy-load preload-me\" src=\"data:image\/svg+xml,%3Csvg%20xmlns%3D&#39;http%3A%2F%2Fwww.w3.org%2F2000%2Fsvg&#39;%20viewBox%3D&#39;0%200%202000%201000&#39;%2F%3E\" data-src=\"http:\/\/www.emdvt.com\/wp-content\/uploads\/2021\/02\/EMD-TRANSPORTATION--2000x1000.png\" data-srcset=\"http:\/\/www.emdvt.com\/wp-content\/uploads\/2021\/02\/EMD-TRANSPORTATION--2000x1000.png 2000w, http:\/\/www.emdvt.com\/wp-content\/uploads\/2021\/02\/EMD-TRANSPORTATION--2876x1438.png 2876w\" width=\"2000\" height=\"1000\"  data-dt-location=\"http:\/\/www.emdvt.com\/index.php\/home-2\/emd-transportation\/\" style=\"border-radius:3px;\" alt=\"EMD TRANSPORTATION\" \/><\/div><\/div><\/div>[vc_row_inner content_placement=\u00a0\u00bbtop\u00a0\u00bb css=\u00a0\u00bb.vc_custom_1614251998213{padding-bottom: 20px !important;}\u00a0\u00bb][vc_column_inner css=\u00a0\u00bb.vc_custom_1509566445127{padding-bottom: 50px !important;}\u00a0\u00bb offset=\u00a0\u00bbvc_col-lg-6 vc_col-md-6&Prime;]<div id=\"ultimate-heading-783569f4e72940217\" class=\"uvc-heading ult-adjust-bottom-margin ultimate-heading-783569f4e72940217 uvc-8590 \" data-hspacer=\"no_spacer\"  data-halign=\"left\" style=\"text-align:left\"><div class=\"uvc-heading-spacer no_spacer\" style=\"top\"><\/div><\/div><br \/>\n<span style=\"color: #000000;\"><span style=\"color: #ff0000;\"><strong><\/p>\n<p><\/strong><\/span><br \/>\n<\/span><\/p>\n<p style=\"text-align: left;\"><span style=\"color: #ff0000;\"><strong><span style=\"color: #ff0000;\">EQUIPE PROFESSIONNELLE<\/span><br \/>\n<\/strong><span style=\"color: #000000;\">Nous effectuons un suivi et un accompagnement minutieux de nos clients tout au long du processus d\u2019achats et de livraisons.<\/span><strong><\/p>\n<p>LIVRAISON RAPIDE<br \/>\n<\/strong><\/span><span style=\"color: #000000;\">Nous offrons \u00e0 nos clients un mod\u00e8le de distribution professionnel et sophistiqu\u00e9. Nous vous livrons dans les d\u00e9lais les plus courts via nos divers partenaires de livraisons.<\/span><\/p>\n<p style=\"text-align: left;\"><span style=\"color: #ff0000;\"><strong>LOGISTIQUE ADAPT\u00c9E<br \/>\n<\/strong><\/span><span style=\"color: #000000;\">Nous garantissons un parfait ach\u00e8vement de vos achats gr\u00e2ce aux conditionnements<\/span><br \/>\n<span style=\"color: #000000;\">de qualit\u00e9 et adapt\u00e9s \u00e0 chacun de nos produits.<\/span><\/p>\n<p style=\"text-align: left;\"><span style=\"color: #000000;\"><strong><span style=\"color: #ff0000;\">DANS LE MONDE ENTIER<\/span><br \/>\n<\/strong><\/span><span style=\"color: #000000;\">En France ou dans le reste du monde, nous vous livrons nos produits aussi bien en petite que grande quantit\u00e9.<\/span><\/p>\n<p><img loading=\"lazy\" class=\"alignnone size-medium wp-image-1960\" src=\"http:\/\/www.emdvt.com\/wp-content\/uploads\/revslider\/sports-hero\/sports_sublinebg-300x27.png\" alt=\"\" width=\"300\" height=\"27\" srcset=\"http:\/\/www.emdvt.com\/wp-content\/uploads\/revslider\/sports-hero\/sports_sublinebg-300x27.png 300w, http:\/\/www.emdvt.com\/wp-content\/uploads\/revslider\/sports-hero\/sports_sublinebg.png 500w\" sizes=\"(max-width: 300px) 100vw, 300px\" \/><\/p>\n<p><img loading=\"lazy\" class=\"alignnone wp-image-2155\" src=\"http:\/\/www.emdvt.com\/wp-content\/uploads\/2021\/02\/EMD_LOGO2-300x177.png\" alt=\"\" width=\"161\" height=\"103\" \/><\/p>\n<style>A {text-decoration: none;} <\/style>\n<style>A {text-decoration: none;} <\/style>\n<p><span style=\"color: #000000;\"><strong><span style=\"color: #ff0000;\"><a style=\"color: #ff0000;\" href=\"https:\/\/goo.gl\/maps\/Z22y5b8cfbkkApxc9\">NOTRE SHOWROOM<\/a><\/span><br \/>\n<\/strong>113 Avenue du Pr\u00e9sident Wilson<\/span><br \/>\n<span style=\"color: #000000;\">93210 La Plaine Saint-Denis<\/span><br \/>\n<span style=\"color: #000000;\">FRANCE<\/span><\/p>\n<h5 data-wp-editing=\"1\"><span style=\"color: #000000;\"><strong>+331 55 93 18 35<\/strong><br \/>\n<strong>c<\/strong><strong>ontact@emdvt.com<\/strong><\/span><\/h5>\n<p style=\"text-align: center;\"><span style=\"color: #000000;\">Copyright \u00a9 2021<br \/>\n<strong>EM DEVELOPPEMENT<br \/>\n<\/strong>Tous droits r\u00e9serv\u00e9s<br \/>\n<strong>***<\/strong><\/span><\/p>\n","protected":false},"excerpt":{"rendered":"<p>[vc_row css=\u00a0\u00bb.vc_custom_1516870934569{padding-top: 50px !important;padding-bottom: 50px !important;}\u00a0\u00bb][vc_column][vc_column_text] \u00a0 \u00a0 [\/vc_column_text][vc_row_inner content_placement=\u00a0\u00bbtop\u00a0\u00bb css=\u00a0\u00bb.vc_custom_1614251998213{padding-bottom: 20px !important;}\u00a0\u00bb][vc_column_inner css=\u00a0\u00bb.vc_custom_1509566445127{padding-bottom: 50px !important;}\u00a0\u00bb offset=\u00a0\u00bbvc_col-lg-6 vc_col-md-6&Prime;][\/vc_column_inner][vc_column_inner css=\u00a0\u00bb.vc_custom_1515592104888{padding-bottom: 50px !important;}\u00a0\u00bb offset=\u00a0\u00bbvc_col-lg-6 vc_col-md-6&Prime;][\/vc_column_inner][\/vc_row_inner][\/vc_column][\/vc_row][vc_row css=\u00a0\u00bb.vc_custom_1516870934569{padding-top: 50px !important;padding-bottom: 50px !important;}\u00a0\u00bb][vc_column][vc_row_inner content_placement=\u00a0\u00bbtop\u00a0\u00bb css=\u00a0\u00bb.vc_custom_1614251998213{padding-bottom: 20px !important;}\u00a0\u00bb][vc_column_inner css=\u00a0\u00bb.vc_custom_1509566445127{padding-bottom: 50px !important;}\u00a0\u00bb offset=\u00a0\u00bbvc_col-lg-6 vc_col-md-6&Prime;][\/vc_column_inner][vc_column_inner css=\u00a0\u00bb.vc_custom_1515592104888{padding-bottom: 50px !important;}\u00a0\u00bb offset=\u00a0\u00bbvc_col-lg-6 vc_col-md-6&Prime;][\/vc_column_inner][\/vc_row_inner][vc_row_inner content_placement=\u00a0\u00bbtop\u00a0\u00bb css=\u00a0\u00bb.vc_custom_1614251998213{padding-bottom: 20px !important;}\u00a0\u00bb][vc_column_inner css=\u00a0\u00bb.vc_custom_1509566445127{padding-bottom: 50px !important;}\u00a0\u00bb offset=\u00a0\u00bbvc_col-lg-6 vc_col-md-6&Prime;] EQUIPE PROFESSIONNELLE Nous effectuons&hellip;<\/p>\n","protected":false},"author":1,"featured_media":0,"parent":0,"menu_order":0,"comment_status":"closed","ping_status":"closed","template":"template-microsite.php","meta":[],"_links":{"self":[{"href":"http:\/\/www.emdvt.com\/index.php\/wp-json\/wp\/v2\/pages\/984"}],"collection":[{"href":"http:\/\/www.emdvt.com\/index.php\/wp-json\/wp\/v2\/pages"}],"about":[{"href":"http:\/\/www.emdvt.com\/index.php\/wp-json\/wp\/v2\/types\/page"}],"author":[{"embeddable":true,"href":"http:\/\/www.emdvt.com\/index.php\/wp-json\/wp\/v2\/users\/1"}],"replies":[{"embeddable":true,"href":"http:\/\/www.emdvt.com\/index.php\/wp-json\/wp\/v2\/comments?post=984"}],"version-history":[{"count":221,"href":"http:\/\/www.emdvt.com\/index.php\/wp-json\/wp\/v2\/pages\/984\/revisions"}],"predecessor-version":[{"id":2272,"href":"http:\/\/www.emdvt.com\/index.php\/wp-json\/wp\/v2\/pages\/984\/revisions\/2272"}],"wp:attachment":[{"href":"http:\/\/www.emdvt.com\/index.php\/wp-json\/wp\/v2\/media?parent=984"}],"curies":[{"name":"wp","href":"https:\/\/api.w.org\/{rel}","templated":true}]}}